{"id":659,"date":"2024-12-16T07:00:27","date_gmt":"2024-12-16T07:00:27","guid":{"rendered":"https:\/\/hubsteel.casethemes.net\/?page_id=659"},"modified":"2026-01-29T08:24:02","modified_gmt":"2026-01-29T08:24:02","slug":"hakkimizda","status":"publish","type":"page","link":"https:\/\/www.serkomakina.com\/en\/hakkimizda\/","title":{"rendered":"A"},"content":{"rendered":"<div data-elementor-type=\"wp-page\" data-elementor-id=\"659\" class=\"elementor elementor-659\">\n\t\t\t\t        <section class=\"elementor-section elementor-top-section elementor-element elementor-element-97cab77 elementor-section-stretched elementor-section-boxed elementor-section-height-default elementor-section-height-default pxl-row-scroll-none pxl-zoom-point-false pxl-section-overflow-visible pxl-section-fix-none pxl-bg-color-none pxl-section-overlay-none\" data-id=\"97cab77\" data-element_type=\"section\" data-e-type=\"section\" data-settings=\"{&quot;stretch_section&quot;:&quot;section-stretched&quot;,&quot;background_background&quot;:&quot;classic&quot;}\">\n\n                \n                <div class=\"elementor-container elementor-column-gap-extended\">\n                <div class=\"elementor-column elementor-col-100 elementor-top-column elementor-element elementor-element-98f0b5a pxl-section-clip1 pxl-column-none pxl-column-overflow-hidden-no\" data-id=\"98f0b5a\" data-element_type=\"column\" data-e-type=\"column\" data-settings=\"{&quot;background_background&quot;:&quot;classic&quot;}\">\r\n        <div class=\"elementor-widget-wrap\">\r\n                     \r\n                    <\/div>\r\n        <\/div>\r\n        \t\t\t<\/div>\n\t\t<\/section>\n\t\t        <section class=\"elementor-section elementor-top-section elementor-element elementor-element-677f880 elementor-section-stretched elementor-section-boxed elementor-section-height-default elementor-section-height-default pxl-row-scroll-none pxl-zoom-point-false pxl-section-overflow-visible pxl-section-fix-none pxl-bg-color-none pxl-section-overlay-none\" data-id=\"677f880\" data-element_type=\"section\" data-e-type=\"section\" data-settings=\"{&quot;stretch_section&quot;:&quot;section-stretched&quot;}\">\n\n                \n                <div class=\"elementor-container elementor-column-gap-no\">\n                <div class=\"elementor-column elementor-col-100 elementor-top-column elementor-element elementor-element-b28afa3 pxl-column-none pxl-column-overflow-hidden-no\" data-id=\"b28afa3\" data-element_type=\"column\" data-e-type=\"column\">\r\n        <div class=\"elementor-widget-wrap elementor-element-populated\">\r\n                     \r\n        \t\t<div class=\"elementor-element elementor-element-4a35c11 elementor-widget elementor-widget-pxl_text_editor\" data-id=\"4a35c11\" data-element_type=\"widget\" data-e-type=\"widget\" data-widget_type=\"pxl_text_editor.default\">\n\t\t\t\t<div class=\"elementor-widget-container\">\n\t\t\t\t\t<div class=\"pxl-text-editor\">\n\t<div class=\"pxl-item--inner\" data-wow-delay=\"ms\">\n\t\t<p>Hakk\u0131m\u0131zda.<\/p>\t\t\n\t<\/div>\n<\/div>\t\t\t\t<\/div>\n\t\t\t\t<\/div>\n\t\t            <\/div>\r\n        <\/div>\r\n        \t\t\t<\/div>\n\t\t<\/section>\n\t\t        <section class=\"elementor-section elementor-top-section elementor-element elementor-element-cffa8b6 elementor-section-stretched elementor-section-boxed elementor-section-height-default elementor-section-height-default pxl-row-scroll-none pxl-zoom-point-false pxl-section-overflow-visible pxl-section-fix-none pxl-bg-color-none pxl-section-overlay-none\" data-id=\"cffa8b6\" data-element_type=\"section\" data-e-type=\"section\" data-settings=\"{&quot;stretch_section&quot;:&quot;section-stretched&quot;}\">\n\n                \n                <div class=\"elementor-container elementor-column-gap-no\">\n                <div class=\"elementor-column elementor-col-100 elementor-top-column elementor-element elementor-element-8eb872c pxl-column-none pxl-column-overflow-hidden-no\" data-id=\"8eb872c\" data-element_type=\"column\" data-e-type=\"column\" data-settings=\"{&quot;background_background&quot;:&quot;classic&quot;}\">\r\n        <div class=\"elementor-widget-wrap elementor-element-populated\">\r\n                     \r\n                <section class=\"elementor-section elementor-inner-section elementor-element elementor-element-365c8f2 elementor-section-full_width elementor-section-height-default elementor-section-height-default pxl-row-scroll-none pxl-zoom-point-false pxl-section-overflow-visible pxl-section-fix-none pxl-full-content-with-space-none pxl-bg-color-none pxl-section-overlay-none\" data-id=\"365c8f2\" data-element_type=\"section\" data-e-type=\"section\">\n\n                \n                <div class=\"elementor-container elementor-column-gap-no\">\n                <div class=\"elementor-column elementor-col-50 elementor-inner-column elementor-element elementor-element-ed3c237 pxl-column-none pxl-column-overflow-hidden-no\" data-id=\"ed3c237\" data-element_type=\"column\" data-e-type=\"column\">\r\n        <div class=\"elementor-widget-wrap elementor-element-populated\">\r\n                     \r\n        \t\t<div class=\"elementor-element elementor-element-0c02076 elementor-widget elementor-widget-pxl_text_editor\" data-id=\"0c02076\" data-element_type=\"widget\" data-e-type=\"widget\" data-widget_type=\"pxl_text_editor.default\">\n\t\t\t\t<div class=\"elementor-widget-container\">\n\t\t\t\t\t<div class=\"pxl-text-editor\">\n\t<div class=\"pxl-item--inner\" data-wow-delay=\"ms\">\n\t\t<p>G\u00fcn\u00fcm\u00fczde i\u015fletmelerin ihtiya\u00e7lar\u0131n\u0131 kar\u015f\u0131layan firmalar \u00e7ok \u00f6nemli iki \u00f6zelli\u011fe g\u00f6re se\u00e7ilmektedir. Bu iki \u00f6zelli\u011fi uygun fiyat ve \u00fcr\u00fcn kalitesi olarak g\u00f6r\u00fcrsek; SERKO MAK\u0130NA olarak bu kriterlere g\u00f6re hareket etti\u011fimiz inanc\u0131nday\u0131z.<br \/><br \/>Temel prensibimiz, m\u00fc\u015fteri memnuniyeti ve \u00fclke ekonomisine katk\u0131da bulunmakt\u0131r. Bu ama\u00e7la firmam\u0131z her ge\u00e7en g\u00fcn hizmet alanlar\u0131n\u0131 ve ama\u00e7lar\u0131n\u0131 b\u00fcy\u00fctmektedir. M\u00fc\u015fterilerimizin ihtiya\u00e7lar\u0131n\u0131 kar\u015f\u0131lamak, sorunlar\u0131na \u00e7\u00f6z\u00fcm bulmak bizim i\u00e7in gurur vericidir. \u015eirketimizin faaliyet g\u00f6sterdi\u011fi alanlardaki ba\u015far\u0131s\u0131 m\u00fc\u015fterilerimizden g\u00fcven ve takdir almaktad\u0131r. Hedefimiz en b\u00fcy\u00fck de\u011fil, en iyi olmak; sizlerle dost olup uzun vadeli ve s\u00fcrekli g\u00fcvenebilece\u011finiz bir \u00e7\u00f6z\u00fcm orta\u011f\u0131n\u0131z olarak \u00e7al\u0131\u015fmakt\u0131r.<br \/>\u00a0<br \/>\u00c7al\u0131\u015fmalar\u0131n\u0131zda ba\u015far\u0131lar diler; kurulu\u015funuza faydal\u0131 olaca\u011f\u0131 inanc\u0131 ile bilgilerinize sunar\u0131z\u2026<\/p>\t\t\n\t<\/div>\n<\/div>\t\t\t\t<\/div>\n\t\t\t\t<\/div>\n\t\t            <\/div>\r\n        <\/div>\r\n                <div class=\"elementor-column elementor-col-50 elementor-inner-column elementor-element elementor-element-10bc50b pxl-column-none pxl-column-overflow-hidden-no\" data-id=\"10bc50b\" data-element_type=\"column\" data-e-type=\"column\">\r\n        <div class=\"elementor-widget-wrap\">\r\n                     \r\n                    <\/div>\r\n        <\/div>\r\n        \t\t\t<\/div>\n\t\t<\/section>\n\t\t            <\/div>\r\n        <\/div>\r\n        \t\t\t<\/div>\n\t\t<\/section>\n\t\t        <section class=\"elementor-section elementor-top-section elementor-element elementor-element-870e991 elementor-section-stretched elementor-section-boxed elementor-section-height-default elementor-section-height-default pxl-row-scroll-none pxl-zoom-point-false pxl-section-overflow-visible pxl-section-fix-none pxl-bg-color-none pxl-section-overlay-none\" data-id=\"870e991\" data-element_type=\"section\" data-e-type=\"section\" data-settings=\"{&quot;stretch_section&quot;:&quot;section-stretched&quot;}\">\n\n                \n                <div class=\"elementor-container elementor-column-gap-no\">\n                <div class=\"elementor-column elementor-col-50 elementor-top-column elementor-element elementor-element-3603c09 pxl-column-none pxl-column-overflow-hidden-no\" data-id=\"3603c09\" data-element_type=\"column\" data-e-type=\"column\" data-settings=\"{&quot;background_background&quot;:&quot;classic&quot;}\">\r\n        <div class=\"elementor-widget-wrap elementor-element-populated\">\r\n                     \r\n        \t\t<div class=\"elementor-element elementor-element-3d3f8d8 elementor-widget elementor-widget-pxl_image\" data-id=\"3d3f8d8\" data-element_type=\"widget\" data-e-type=\"widget\" data-widget_type=\"pxl_image.default\">\n\t\t\t\t<div class=\"elementor-widget-container\">\n\t\t\t\t\t<div id=\"pxl_image-3d3f8d8-4612\" class=\"pxl-image-single style_img1 pxl-disable-parallax-sm\"  >\r\n        <div class=\"pxl-item--inner\" data-wow-delay=\"ms\">\r\n        \r\n                                <div class=\"pxl-item--bg bg-image\" style=\"background-image: url(https:\/\/www.serkomakina.com\/wp-content\/uploads\/2026\/01\/hakkimizda-serko.jpg);\">\r\n                                            <\/div>\r\n                            \r\n            <\/div>\r\n<\/div>\t\t\t\t<\/div>\n\t\t\t\t<\/div>\n\t\t            <\/div>\r\n        <\/div>\r\n                <div class=\"elementor-column elementor-col-50 elementor-top-column elementor-element elementor-element-6ba4b9e pxl-column-overflow-hidden-yes pxl-column-none\" data-id=\"6ba4b9e\" data-element_type=\"column\" data-e-type=\"column\">\r\n        <div class=\"elementor-widget-wrap elementor-element-populated\">\r\n                     \r\n                <section class=\"elementor-section elementor-inner-section elementor-element elementor-element-65e0427 elementor-section-boxed elementor-section-height-default elementor-section-height-default pxl-row-scroll-none pxl-zoom-point-false pxl-section-overflow-visible pxl-section-fix-none pxl-bg-color-none pxl-section-overlay-none\" data-id=\"65e0427\" data-element_type=\"section\" data-e-type=\"section\">\n\n                \n                <div class=\"elementor-container elementor-column-gap-extended\">\n                <div class=\"elementor-column elementor-col-100 elementor-inner-column elementor-element elementor-element-f432c19 pxl-column-none pxl-column-overflow-hidden-no\" data-id=\"f432c19\" data-element_type=\"column\" data-e-type=\"column\">\r\n        <div class=\"elementor-widget-wrap elementor-element-populated\">\r\n                     \r\n        \t\t<div class=\"elementor-element elementor-element-70c1ee5 elementor-widget elementor-widget-pxl_text_editor\" data-id=\"70c1ee5\" data-element_type=\"widget\" data-e-type=\"widget\" data-widget_type=\"pxl_text_editor.default\">\n\t\t\t\t<div class=\"elementor-widget-container\">\n\t\t\t\t\t<div class=\"pxl-text-editor\">\n\t<div class=\"pxl-item--inner wow fadeInRight\" data-wow-delay=\"300ms\">\n\t\t<p>TEMEL \u0130LKELER\u0130M\u0130Z<\/p>\t\t\n\t<\/div>\n<\/div>\t\t\t\t<\/div>\n\t\t\t\t<\/div>\n\t\t\t\t<div class=\"elementor-element elementor-element-4cef580 elementor-widget elementor-widget-pxl_text_editor\" data-id=\"4cef580\" data-element_type=\"widget\" data-e-type=\"widget\" data-widget_type=\"pxl_text_editor.default\">\n\t\t\t\t<div class=\"elementor-widget-container\">\n\t\t\t\t\t<div class=\"pxl-text-editor\">\n\t<div class=\"pxl-item--inner wow fadeInRight\" data-wow-delay=\"500ms\">\n\t\t<div class=\"grid-child container-component\"><main><\/main><div class=\"com-content-article item-page\"><div class=\"com-content-article__body\"><ol start=\"1\"><li>Portf\u00f6y\u00fcm\u00fczdeki \u00fcr\u00fcnlerin kalitesi ile m\u00fc\u015fterilerimizin memnuniyetini sa\u011flamak ve artt\u0131rmak,<\/li><li>\u015eirketimizin ba\u015far\u0131s\u0131n\u0131 etkileyen t\u00fcm s\u00fcre\u00e7leri s\u00fcrekli olarak iyile\u015ftirmek,<\/li><li>S\u00fcrekli e\u011fitim yolu ile \u00e7al\u0131\u015fanlar\u0131m\u0131z\u0131n bireysel geli\u015fimlerini ve katk\u0131lar\u0131n\u0131 artt\u0131rmak,<\/li><li>\u00c7al\u0131\u015fanlar\u0131m\u0131z\u0131n y\u00fcksek motivasyonunu ve s\u00fcrekli geli\u015fimini sa\u011flayacak ortam\u0131 yaratmak,<\/li><li>Kalite ve hizmet a\u00e7\u0131s\u0131ndan sekt\u00f6r\u00fcnde lider bir kurulu\u015f olmak,<\/li><li>Ortak \u00e7al\u0131\u015fmalar yap\u0131labilecek onayl\u0131 tedarik\u00e7iler yaratmak,<\/li><li>\u00c7evre ve toplum menfaatlerini korumak ve gerekli mevzuatlara uymak,<\/li><li>T\u00fcm kaynaklar\u0131 verimli kullanmakt\u0131r.<\/li><\/ol><\/div><\/div><p>\u00a0<\/p><\/div><div class=\"grid-child container-sidebar-right\"><div class=\"sidebar-right card\">\u00a0<\/div><\/div>\t\t\n\t<\/div>\n<\/div>\t\t\t\t<\/div>\n\t\t\t\t<\/div>\n\t\t            <\/div>\r\n        <\/div>\r\n        \t\t\t<\/div>\n\t\t<\/section>\n\t\t\t\t<div class=\"elementor-element elementor-element-071d9cc elementor-align-right elementor-widget elementor-widget-pxl_button\" data-id=\"071d9cc\" data-element_type=\"widget\" data-e-type=\"widget\" data-widget_type=\"pxl_button.default\">\n\t\t\t\t<div class=\"elementor-widget-container\">\n\t\t\t\t\t<div id=\"pxl-pxl_button-071d9cc-1129\" class=\"pxl-button pxl-atc-link wow fadeInUp\" data-wow-delay=\"700ms\">\r\n    <a href=\"\/en\/iletisim\/\" class=\"btn pxl-icon-active  btn-default wow fadeInUp pxl-icon--right\" data-wow-delay=\"700ms\" data-onepage-offset=\"\">\r\n        <span class=\"pxl-btn-icon\">\r\n            <svg xmlns=\"http:\/\/www.w3.org\/2000\/svg\" fill=\"#000\" height=\"512\" viewbox=\"0 0 24 24\" width=\"512\"><path d=\"m16.0039 9.414-8.60699 8.607-1.414-1.414 8.60599-8.607h-7.58499v-2h10.99999v11h-2z\" fill=\"rgb(0,0,0)\"><\/path><\/svg>        <\/span>\r\n        <span class=\"pxl--btn-text\" data-text=\"\u0130leti\u015fim\">\r\n            Communication        <\/span>\r\n            <\/a>\r\n<\/div>\t\t\t\t<\/div>\n\t\t\t\t<\/div>\n\t\t            <\/div>\r\n        <\/div>\r\n        \t\t\t<\/div>\n\t\t<\/section>\n\t\t        <section class=\"elementor-section elementor-top-section elementor-element elementor-element-ce7c9b7 elementor-section-stretched elementor-section-content-middle elementor-section-boxed elementor-section-height-default elementor-section-height-default pxl-row-scroll-none pxl-zoom-point-false pxl-section-overflow-visible pxl-section-fix-none pxl-bg-color-none pxl-section-overlay-none\" data-id=\"ce7c9b7\" data-element_type=\"section\" data-e-type=\"section\" data-settings=\"{&quot;stretch_section&quot;:&quot;section-stretched&quot;}\">\n\n                \n                <div class=\"elementor-container elementor-column-gap-no\">\n                <div class=\"elementor-column elementor-col-50 elementor-top-column elementor-element elementor-element-c44df9a pxl-column-none pxl-column-overflow-hidden-no\" data-id=\"c44df9a\" data-element_type=\"column\" data-e-type=\"column\">\r\n        <div class=\"elementor-widget-wrap elementor-element-populated\">\r\n                     \r\n                <section class=\"elementor-section elementor-inner-section elementor-element elementor-element-fcc1b8e elementor-section-boxed elementor-section-height-default elementor-section-height-default pxl-row-scroll-none pxl-zoom-point-false pxl-section-overflow-visible pxl-section-fix-none pxl-bg-color-none pxl-section-overlay-none\" data-id=\"fcc1b8e\" data-element_type=\"section\" data-e-type=\"section\">\n\n                \n                <div class=\"elementor-container elementor-column-gap-extended\">\n                <div class=\"elementor-column elementor-col-100 elementor-inner-column elementor-element elementor-element-8e1dd66 pxl-column-none pxl-column-overflow-hidden-no\" data-id=\"8e1dd66\" data-element_type=\"column\" data-e-type=\"column\">\r\n        <div class=\"elementor-widget-wrap elementor-element-populated\">\r\n                     \r\n        \t\t<div class=\"elementor-element elementor-element-fcd2a78 elementor-widget elementor-widget-pxl_text_editor\" data-id=\"fcd2a78\" data-element_type=\"widget\" data-e-type=\"widget\" data-widget_type=\"pxl_text_editor.default\">\n\t\t\t\t<div class=\"elementor-widget-container\">\n\t\t\t\t\t<div class=\"pxl-text-editor\">\n\t<div class=\"pxl-item--inner wow fadeInRight\" data-wow-delay=\"300ms\">\n\t\t<p>KAL\u0130TE POL\u0130T\u0130KAMIZ<\/p>\t\t\n\t<\/div>\n<\/div>\t\t\t\t<\/div>\n\t\t\t\t<\/div>\n\t\t\t\t<div class=\"elementor-element elementor-element-3ebb99c elementor-widget elementor-widget-pxl_text_editor\" data-id=\"3ebb99c\" data-element_type=\"widget\" data-e-type=\"widget\" data-widget_type=\"pxl_text_editor.default\">\n\t\t\t\t<div class=\"elementor-widget-container\">\n\t\t\t\t\t<div class=\"pxl-text-editor\">\n\t<div class=\"pxl-item--inner wow fadeInRight\" data-wow-delay=\"700ms\">\n\t\t<p><span style=\"font-size: 16px\">M\u00fc\u015fteri istek ve beklentilerini;<\/span><\/p><div class=\"com-content-article__body\"><p>* Zaman\u0131nda,<br \/>* G\u00fcvenilir kalitede,<br \/>* Kalite ile orant\u0131l\u0131 fiyatlarla,<br \/>* S\u00fcrekli olarak kar\u015f\u0131lamakt\u0131r.<\/p><\/div>\t\t\n\t<\/div>\n<\/div>\t\t\t\t<\/div>\n\t\t\t\t<\/div>\n\t\t            <\/div>\r\n        <\/div>\r\n        \t\t\t<\/div>\n\t\t<\/section>\n\t\t        <section class=\"elementor-section elementor-inner-section elementor-element elementor-element-690aed5 elementor-section-boxed elementor-section-height-default elementor-section-height-default pxl-row-scroll-none pxl-zoom-point-false pxl-section-overflow-visible pxl-section-fix-none pxl-bg-color-none pxl-section-overlay-none\" data-id=\"690aed5\" data-element_type=\"section\" data-e-type=\"section\">\n\n                \n                <div class=\"elementor-container elementor-column-gap-extended\">\n                <div class=\"elementor-column elementor-col-50 elementor-inner-column elementor-element elementor-element-c1868ef pxl-column-none pxl-column-overflow-hidden-no\" data-id=\"c1868ef\" data-element_type=\"column\" data-e-type=\"column\">\r\n        <div class=\"elementor-widget-wrap elementor-element-populated\">\r\n                     \r\n        \t\t<div class=\"elementor-element elementor-element-09136ed elementor-widget elementor-widget-pxl_button\" data-id=\"09136ed\" data-element_type=\"widget\" data-e-type=\"widget\" data-widget_type=\"pxl_button.default\">\n\t\t\t\t<div class=\"elementor-widget-container\">\n\t\t\t\t\t<div id=\"pxl-pxl_button-09136ed-4475\" class=\"pxl-button pxl-atc-link wow fadeInRight\" data-wow-delay=\"700ms\">\r\n    <a href=\"\/en\/urunlerimiz\/\" class=\"btn pxl-icon-active  btn-style6 wow fadeInRight pxl-icon--right\" data-wow-delay=\"700ms\" data-onepage-offset=\"\">\r\n        <span class=\"pxl-btn-icon\">\r\n            <svg xmlns=\"http:\/\/www.w3.org\/2000\/svg\" fill=\"#000\" height=\"512\" viewbox=\"0 0 24 24\" width=\"512\"><path d=\"m16.0039 9.414-8.60699 8.607-1.414-1.414 8.60599-8.607h-7.58499v-2h10.99999v11h-2z\" fill=\"rgb(0,0,0)\"><\/path><\/svg>        <\/span>\r\n        <span class=\"pxl--btn-text\" data-text=\"\u00dcr\u00fcnlerimiz\">\r\n            Our products        <\/span>\r\n            <\/a>\r\n<\/div>\t\t\t\t<\/div>\n\t\t\t\t<\/div>\n\t\t            <\/div>\r\n        <\/div>\r\n                <div class=\"elementor-column elementor-col-50 elementor-inner-column elementor-element elementor-element-6c4865e pxl-column-none pxl-column-overflow-hidden-no\" data-id=\"6c4865e\" data-element_type=\"column\" data-e-type=\"column\">\r\n        <div class=\"elementor-widget-wrap\">\r\n                     \r\n                    <\/div>\r\n        <\/div>\r\n        \t\t\t<\/div>\n\t\t<\/section>\n\t\t            <\/div>\r\n        <\/div>\r\n                <div class=\"elementor-column elementor-col-50 elementor-top-column elementor-element elementor-element-6bbec42 pxl-column-none pxl-column-overflow-hidden-no\" data-id=\"6bbec42\" data-element_type=\"column\" data-e-type=\"column\">\r\n        <div class=\"elementor-widget-wrap elementor-element-populated\">\r\n                     \r\n                <section class=\"elementor-section elementor-inner-section elementor-element elementor-element-015a50c elementor-section-boxed elementor-section-height-default elementor-section-height-default pxl-row-scroll-none pxl-zoom-point-false pxl-section-overflow-visible pxl-section-fix-none pxl-bg-color-none pxl-section-overlay-none\" data-id=\"015a50c\" data-element_type=\"section\" data-e-type=\"section\">\n\n                \n                <div class=\"elementor-container elementor-column-gap-extended\">\n                <div class=\"elementor-column elementor-col-100 elementor-inner-column elementor-element elementor-element-1c3b366 pxl-column-none pxl-column-overflow-hidden-no\" data-id=\"1c3b366\" data-element_type=\"column\" data-e-type=\"column\">\r\n        <div class=\"elementor-widget-wrap elementor-element-populated\">\r\n                     \r\n        \t\t<div class=\"elementor-element elementor-element-8e20f17 elementor-widget elementor-widget-pxl_image\" data-id=\"8e20f17\" data-element_type=\"widget\" data-e-type=\"widget\" data-widget_type=\"pxl_image.default\">\n\t\t\t\t<div class=\"elementor-widget-container\">\n\t\t\t\t\t<div id=\"pxl_image-8e20f17-2607\" class=\"pxl-image-single style_img1 pxl-disable-parallax-sm\"  >\r\n        <div class=\"pxl-item--inner\" data-wow-delay=\"ms\">\r\n        \r\n                                <div class=\"pxl-item--bg bg-image\" style=\"background-image: url(https:\/\/www.serkomakina.com\/wp-content\/uploads\/2026\/01\/serko-hakkimizda-2.jpg);\">\r\n                                            <\/div>\r\n                            \r\n            <\/div>\r\n<\/div>\t\t\t\t<\/div>\n\t\t\t\t<\/div>\n\t\t            <\/div>\r\n        <\/div>\r\n        \t\t\t<\/div>\n\t\t<\/section>\n\t\t            <\/div>\r\n        <\/div>\r\n        \t\t\t<\/div>\n\t\t<\/section>\n\t\t\t\t<\/div>","protected":false},"excerpt":{"rendered":"<p>Hakk\u0131m\u0131zda. G\u00fcn\u00fcm\u00fczde i\u015fletmelerin ihtiya\u00e7lar\u0131n\u0131 kar\u015f\u0131layan firmalar \u00e7ok \u00f6nemli iki \u00f6zelli\u011fe g\u00f6re se\u00e7ilmektedir. Bu iki \u00f6zelli\u011fi uygun fiyat ve \u00fcr\u00fcn kalitesi olarak g\u00f6r\u00fcrsek; SERKO MAK\u0130NA olarak bu kriterlere g\u00f6re hareket etti\u011fimiz inanc\u0131nday\u0131z. Temel prensibimiz, m\u00fc\u015fteri memnuniyeti ve \u00fclke ekonomisine katk\u0131da bulunmakt\u0131r. Bu ama\u00e7la firmam\u0131z her ge\u00e7en g\u00fcn hizmet alanlar\u0131n\u0131 ve ama\u00e7lar\u0131n\u0131 b\u00fcy\u00fctmektedir. M\u00fc\u015fterilerimizin ihtiya\u00e7lar\u0131n\u0131 kar\u015f\u0131lamak, sorunlar\u0131na [&hellip;]<\/p>\n","protected":false},"author":1,"featured_media":0,"parent":0,"menu_order":0,"comment_status":"closed","ping_status":"closed","template":"","meta":{"footnotes":""},"class_list":["post-659","page","type-page","status-publish","hentry"],"_links":{"self":[{"href":"https:\/\/www.serkomakina.com\/en\/wp-json\/wp\/v2\/pages\/659","targetHints":{"allow":["GET"]}}],"collection":[{"href":"https:\/\/www.serkomakina.com\/en\/wp-json\/wp\/v2\/pages"}],"about":[{"href":"https:\/\/www.serkomakina.com\/en\/wp-json\/wp\/v2\/types\/page"}],"author":[{"embeddable":true,"href":"https:\/\/www.serkomakina.com\/en\/wp-json\/wp\/v2\/users\/1"}],"replies":[{"embeddable":true,"href":"https:\/\/www.serkomakina.com\/en\/wp-json\/wp\/v2\/comments?post=659"}],"version-history":[{"count":65,"href":"https:\/\/www.serkomakina.com\/en\/wp-json\/wp\/v2\/pages\/659\/revisions"}],"predecessor-version":[{"id":22864,"href":"https:\/\/www.serkomakina.com\/en\/wp-json\/wp\/v2\/pages\/659\/revisions\/22864"}],"wp:attachment":[{"href":"https:\/\/www.serkomakina.com\/en\/wp-json\/wp\/v2\/media?parent=659"}],"curies":[{"name":"wp","href":"https:\/\/api.w.org\/{rel}","templated":true}]}}