{"id":2625,"date":"2024-12-26T03:31:25","date_gmt":"2024-12-26T03:31:25","guid":{"rendered":"https:\/\/hubsteel.casethemes.net\/?page_id=2625"},"modified":"2026-02-21T10:50:28","modified_gmt":"2026-02-21T10:50:28","slug":"iletisim","status":"publish","type":"page","link":"https:\/\/www.serkomakina.com\/en\/iletisim\/","title":{"rendered":"Communication"},"content":{"rendered":"<div data-elementor-type=\"wp-page\" data-elementor-id=\"2625\" class=\"elementor elementor-2625\">\n\t\t\t\t        <section class=\"elementor-section elementor-top-section elementor-element elementor-element-54e9fc6 elementor-section-stretched elementor-section-boxed elementor-section-height-default elementor-section-height-default pxl-row-scroll-none pxl-zoom-point-false pxl-section-overflow-visible pxl-section-fix-none pxl-bg-color-none pxl-section-overlay-none\" data-id=\"54e9fc6\" data-element_type=\"section\" data-e-type=\"section\" data-settings=\"{&quot;stretch_section&quot;:&quot;section-stretched&quot;}\">\n\n                \n                <div class=\"elementor-container elementor-column-gap-extended\">\n                <div class=\"elementor-column elementor-col-100 elementor-top-column elementor-element elementor-element-fd5e543 pxl-column-none pxl-column-overflow-hidden-no\" data-id=\"fd5e543\" data-element_type=\"column\" data-e-type=\"column\">\r\n        <div class=\"elementor-widget-wrap elementor-element-populated\">\r\n                     \r\n        \t\t<div class=\"elementor-element elementor-element-8e782c9 elementor-widget elementor-widget-pxl_meta_grid\" data-id=\"8e782c9\" data-element_type=\"widget\" data-e-type=\"widget\" data-widget_type=\"pxl_meta_grid.default\">\n\t\t\t\t<div class=\"elementor-widget-container\">\n\t\t\t\t\t    <div class=\"pxl-grid pxl-meta-grid pxl-meta-grid1\" data-layout=\"masonry\">\r\n        <div class=\"pxl-grid-inner pxl-grid-masonry row\" data-gutter=\"15\">\r\n                            <div class=\"pxl-grid-item col-xl-4 col-lg-4 col-md-6 col-sm-12 col-12\">\r\n                    <div class=\"pxl-item--inner\">\r\n                                                    <div class=\"pxl-item--icon pxl-mr-33\">\r\n                                <i aria-hidden=\"true\" class=\"fas fa-map-marker\"><\/i>                            <\/div>\r\n                                                <div class=\"pxl-item--holder\">\r\n                            <h5 class=\"pxl-item--title\">\r\n                                Konum                            <\/h5>\r\n                            <a class=\"pxl-item-link\" >Sar\u0131me\u015fe Mah. S\u00f6zl\u00fc Sok. NO:8 Kartepe \/ KOCAEL\u0130, T\u00fcrkiye<\/a>\r\n                            <a class=\"pxl-item-link\" href=\"https:\/\/maps.app.goo.gl\/QeY37KTLuXoSqUoV6\" target=\"_blank\" rel=\"noopener\">Yol Tarifi Al<\/a>\r\n                        <\/div>\r\n                   <\/div>\r\n                <\/div>\r\n                            <div class=\"pxl-grid-item col-xl-4 col-lg-4 col-md-6 col-sm-12 col-12\">\r\n                    <div class=\"pxl-item--inner\">\r\n                                                    <div class=\"pxl-item--icon pxl-mr-33\">\r\n                                <i aria-hidden=\"true\" class=\"fas fa-comment\"><\/i>                            <\/div>\r\n                                                <div class=\"pxl-item--holder\">\r\n                            <h5 class=\"pxl-item--title\">\r\n                                Telefon                            <\/h5>\r\n                            <a class=\"pxl-item-link\" href=\"Mailto: info@serkomakina.com\">info@serkomakina.com<\/a>\r\n                            <a class=\"pxl-item-link\" href=\"tel:90 262 373 2644\">+90 262 373 2644  \/  +90 537 524 2840 <\/a>\r\n                        <\/div>\r\n                   <\/div>\r\n                <\/div>\r\n                            <div class=\"pxl-grid-item col-xl-4 col-lg-4 col-md-6 col-sm-12 col-12\">\r\n                    <div class=\"pxl-item--inner\">\r\n                                                    <div class=\"pxl-item--icon pxl-mr-33\">\r\n                                <i aria-hidden=\"true\" class=\"fas fa-clock\"><\/i>                            <\/div>\r\n                                                <div class=\"pxl-item--holder\">\r\n                            <h5 class=\"pxl-item--title\">\r\n                                \u00c7al\u0131\u015fma Saatlerimiz                            <\/h5>\r\n                            <a class=\"pxl-item-link\" >Pzt - Cuma:  9.00 - 18.00<\/a>\r\n                            <a class=\"pxl-item-link\" ><\/a>\r\n                        <\/div>\r\n                   <\/div>\r\n                <\/div>\r\n                        <div class=\"grid-sizer col-xl-4 col-lg-4 col-md-6 col-sm-12 col-12\"><\/div>\r\n        <\/div>\r\n    <\/div>\r\n\t\t\t\t<\/div>\n\t\t\t\t<\/div>\n\t\t            <\/div>\r\n        <\/div>\r\n        \t\t\t<\/div>\n\t\t<\/section>\n\t\t        <section class=\"elementor-section elementor-top-section elementor-element elementor-element-497ddea elementor-section-stretched elementor-section-boxed elementor-section-height-default elementor-section-height-default pxl-row-scroll-none pxl-zoom-point-false pxl-section-overflow-visible pxl-section-fix-none pxl-bg-color-none pxl-section-overlay-none\" data-id=\"497ddea\" data-element_type=\"section\" data-e-type=\"section\" data-settings=\"{&quot;stretch_section&quot;:&quot;section-stretched&quot;}\">\n\n                \n                <div class=\"elementor-container elementor-column-gap-extended\">\n                <div class=\"elementor-column elementor-col-100 elementor-top-column elementor-element elementor-element-64355fd pxl-column-none pxl-column-overflow-hidden-no\" data-id=\"64355fd\" data-element_type=\"column\" data-e-type=\"column\">\r\n        <div class=\"elementor-widget-wrap elementor-element-populated\">\r\n                     \r\n                <section class=\"elementor-section elementor-inner-section elementor-element elementor-element-0235967 elementor-section-full_width elementor-section-height-default elementor-section-height-default pxl-row-scroll-none pxl-zoom-point-false pxl-section-overflow-visible pxl-section-fix-none pxl-full-content-with-space-none pxl-bg-color-none pxl-section-overlay-none\" data-id=\"0235967\" data-element_type=\"section\" data-e-type=\"section\">\n\n                \n                <div class=\"elementor-container elementor-column-gap-no\">\n                <div class=\"elementor-column elementor-col-50 elementor-inner-column elementor-element elementor-element-bc158dd pxl-column-none pxl-column-overflow-hidden-no\" data-id=\"bc158dd\" data-element_type=\"column\" data-e-type=\"column\">\r\n        <div class=\"elementor-widget-wrap elementor-element-populated\">\r\n                     \r\n        \t\t<div class=\"elementor-element elementor-element-fa23043 elementor-widget elementor-widget-pxl_image\" data-id=\"fa23043\" data-element_type=\"widget\" data-e-type=\"widget\" data-widget_type=\"pxl_image.default\">\n\t\t\t\t<div class=\"elementor-widget-container\">\n\t\t\t\t\t<div id=\"pxl_image-fa23043-7906\" class=\"pxl-image-single style_img1 pxl-disable-parallax-sm\"  >\r\n        <div class=\"pxl-item--inner\" data-wow-delay=\"ms\">\r\n        \r\n                                <div class=\"pxl-item--bg bg-image\" style=\"background-image: url(https:\/\/www.serkomakina.com\/wp-content\/uploads\/2025\/02\/421027958_44801862-3717-4800-aa5c-a875472dfae9-scaled.jpg);\">\r\n                                            <\/div>\r\n                            \r\n            <\/div>\r\n<\/div>\t\t\t\t<\/div>\n\t\t\t\t<\/div>\n\t\t            <\/div>\r\n        <\/div>\r\n                <div class=\"elementor-column elementor-col-50 elementor-inner-column elementor-element elementor-element-4eda749 pxl-column-none pxl-column-overflow-hidden-no\" data-id=\"4eda749\" data-element_type=\"column\" data-e-type=\"column\">\r\n        <div class=\"elementor-widget-wrap elementor-element-populated\">\r\n                     \r\n        \t\t<div class=\"elementor-element elementor-element-2348ae0 elementor-widget elementor-widget-pxl_text_editor\" data-id=\"2348ae0\" data-element_type=\"widget\" data-e-type=\"widget\" data-widget_type=\"pxl_text_editor.default\">\n\t\t\t\t<div class=\"elementor-widget-container\">\n\t\t\t\t\t<div class=\"pxl-text-editor\">\n\t<div class=\"pxl-item--inner\" data-wow-delay=\"ms\">\n\t\t<p>Contact Us<\/p>\t\t\n\t<\/div>\n<\/div>\t\t\t\t<\/div>\n\t\t\t\t<\/div>\n\t\t\t\t<div class=\"elementor-element elementor-element-47d645a elementor-widget elementor-widget-pxl_text_editor\" data-id=\"47d645a\" data-element_type=\"widget\" data-e-type=\"widget\" data-widget_type=\"pxl_text_editor.default\">\n\t\t\t\t<div class=\"elementor-widget-container\">\n\t\t\t\t\t<div class=\"pxl-text-editor\">\n\t<div class=\"pxl-item--inner\" data-wow-delay=\"ms\">\n\t\t<p>\u0130leti\u015fim Formunu Doldurarak Bize Ula\u015fabilirsiniz.<\/p>\t\t\n\t<\/div>\n<\/div>\t\t\t\t<\/div>\n\t\t\t\t<\/div>\n\t\t\t\t<div class=\"elementor-element elementor-element-2695c1b elementor-widget elementor-widget-pxl_contact_form\" data-id=\"2695c1b\" data-element_type=\"widget\" data-e-type=\"widget\" data-widget_type=\"pxl_contact_form.default\">\n\t\t\t\t<div class=\"elementor-widget-container\">\n\t\t\t\t\t    <div class=\"pxl-contact-form pxl-contact-form1 btn-w-auto\" data-wow-delay=\"ms\">\r\n        \n<div class=\"wpcf7 no-js\" id=\"wpcf7-f6434-o1\" lang=\"en-US\" dir=\"ltr\" data-wpcf7-id=\"6434\">\n<div class=\"screen-reader-response\"><p role=\"status\" aria-live=\"polite\" aria-atomic=\"true\"><\/p> <ul><\/ul><\/div>\n<form action=\"\/en\/wp-json\/wp\/v2\/pages\/2625#wpcf7-f6434-o1\" method=\"post\" class=\"wpcf7-form init\" aria-label=\"Contact form\" novalidate=\"novalidate\" data-status=\"init\" data-trp-original-action=\"\/en\/wp-json\/wp\/v2\/pages\/2625#wpcf7-f6434-o1\">\n<fieldset class=\"hidden-fields-container\"><input type=\"hidden\" name=\"_wpcf7\" value=\"6434\" \/><input type=\"hidden\" name=\"_wpcf7_version\" value=\"6.1.5\" \/><input type=\"hidden\" name=\"_wpcf7_locale\" value=\"en_US\" \/><input type=\"hidden\" name=\"_wpcf7_unit_tag\" value=\"wpcf7-f6434-o1\" \/><input type=\"hidden\" name=\"_wpcf7_container_post\" value=\"0\" \/><input type=\"hidden\" name=\"_wpcf7_posted_data_hash\" value=\"\" \/>\n<\/fieldset>\n<div class=\"contact3\">\n\t<div class=\"pxl-contact-inner\">\n\t\t<div class=\"pxl-inner-form\">\n\t\t\t<div class=\"row\">\n\t\t\t\t<div class=\"col-lg-6 col-md-6 col-sm-12\">\n\t\t\t\t\t<div class=\"form pxl-item-name\">\n\t\t\t\t\t\t<p><span class=\"wpcf7-form-control-wrap\" data-name=\"adiniz\"><input size=\"40\" maxlength=\"400\" class=\"wpcf7-form-control wpcf7-text wpcf7-validates-as-required\" aria-required=\"true\" aria-invalid=\"false\" placeholder=\"Ad\u0131n\u0131z Soyad\u0131n\u0131z*\" value=\"\" type=\"text\" name=\"adiniz\" \/><\/span>\n\t\t\t\t\t\t<\/p>\n\t\t\t\t\t<\/div>\n\t\t\t\t\t<div class=\"form pxl-item-phone\">\n\t\t\t\t\t\t<p><span class=\"wpcf7-form-control-wrap\" data-name=\"tel\"><input size=\"40\" maxlength=\"400\" class=\"wpcf7-form-control wpcf7-tel wpcf7-validates-as-required wpcf7-text wpcf7-validates-as-tel\" aria-required=\"true\" aria-invalid=\"false\" placeholder=\"Telefon Numaran\u0131z*\" value=\"\" type=\"tel\" name=\"tel\" \/><\/span>\n\t\t\t\t\t\t<\/p>\n\t\t\t\t\t<\/div>\n\t\t\t\t<\/div>\n\t\t\t\t<div class=\"col-lg-6 col-md-6 col-sm-12\">\n\t\t\t\t\t<div class=\"form pxl-item-email\">\n\t\t\t\t\t\t<p><span class=\"wpcf7-form-control-wrap\" data-name=\"email\"><input size=\"40\" maxlength=\"400\" class=\"wpcf7-form-control wpcf7-email wpcf7-validates-as-required wpcf7-text wpcf7-validates-as-email\" aria-required=\"true\" aria-invalid=\"false\" placeholder=\"E-Posta Adresimiz*\" value=\"\" type=\"email\" name=\"email\" \/><\/span>\n\t\t\t\t\t\t<\/p>\n\t\t\t\t\t<\/div>\n\t\t\t\t\t<div class=\"form pxl-item-service\">\n\t\t\t\t\t\t<p><span class=\"wpcf7-form-control-wrap\" data-name=\"firmaniz\"><input size=\"40\" maxlength=\"400\" class=\"wpcf7-form-control wpcf7-text wpcf7-validates-as-required\" aria-required=\"true\" aria-invalid=\"false\" placeholder=\"Firman\u0131z*\" value=\"\" type=\"text\" name=\"firmaniz\" \/><\/span>\n\t\t\t\t\t\t<\/p>\n\t\t\t\t\t<\/div>\n\t\t\t\t<\/div>\n\t\t\t<\/div>\n\t\t\t<div class=\"form pxl-item-message\">\n\t\t\t\t<p><span class=\"wpcf7-form-control-wrap\" data-name=\"mesajiniz\"><textarea cols=\"40\" rows=\"10\" maxlength=\"2000\" class=\"wpcf7-form-control wpcf7-textarea wpcf7-validates-as-required\" aria-required=\"true\" aria-invalid=\"false\" placeholder=\"Mesaj\u0131n\u0131z...\" name=\"mesajiniz\"><\/textarea><\/span>\n\t\t\t\t<\/p>\n\t\t\t<\/div>\n\t\t\t<div class=\"pxl-contact-check\">\n\t\t\t\t<div class=\"pxl-item-accept\">\n\t\t\t\t\t<p><span class=\"wpcf7-form-control-wrap\" data-name=\"acceptance-332\"><span class=\"wpcf7-form-control wpcf7-acceptance optional\"><span class=\"wpcf7-list-item\"><label><input type=\"checkbox\" name=\"acceptance-332\" value=\"1\" aria-invalid=\"false\" \/><span class=\"wpcf7-list-item-label\">\u015eartlar ve Ko\u015fullar\u0131 Kabul Et.<\/span><\/label><\/span><\/span><\/span>\n\t\t\t\t\t<\/p>\n\t\t\t\t<\/div>\n\t\t\t\t<div class=\"contact-submit\">\n\t\t\t\t\t<p><button class=\"btn-contact7 wpcf7-submit\" type=\"submit\" data-animation=\"pxl-xspin\"><br \/>\n<span class=\"pxl-btn-text\"><br \/>\nSend<br \/>\n<\/span><br \/>\n<span class=\"pxl-btn-icon pxl-pl-5\"><br \/>\n<svg fill=\"none\" height=\"512\" viewbox=\"0 0 24 24\" width=\"512\" xmlns=\"http:\/\/www.w3.org\/2000\/svg\"><path d=\"m16.0039 9.414-8.60699 8.607-1.414-1.414 8.60599-8.607h-7.58499v-2h10.99999v11h-2z\" fill=\"rgb(0,0,0)\"\/><\/svg><br \/>\n<\/span><br \/>\n<\/button>\n\t\t\t\t\t<\/p>\n\t\t\t\t<\/div>\n\t\t\t<\/div>\n\t\t<\/div>\n\t<\/div>\n<\/div><div class=\"wpcf7-response-output\" aria-hidden=\"true\"><\/div>\n<input type=\"hidden\" name=\"trp-form-language\" value=\"en\"\/><\/form>\n<\/div>\n    <\/div>\r\n\t\t\t\t<\/div>\n\t\t\t\t<\/div>\n\t\t            <\/div>\r\n        <\/div>\r\n        \t\t\t<\/div>\n\t\t<\/section>\n\t\t            <\/div>\r\n        <\/div>\r\n        \t\t\t<\/div>\n\t\t<\/section>\n\t\t        <section class=\"elementor-section elementor-top-section elementor-element elementor-element-6ee7b7e elementor-section-stretched elementor-section-boxed elementor-section-height-default elementor-section-height-default pxl-row-scroll-none pxl-zoom-point-false pxl-section-overflow-visible pxl-section-fix-none pxl-bg-color-none pxl-section-overlay-none\" data-id=\"6ee7b7e\" data-element_type=\"section\" data-e-type=\"section\" data-settings=\"{&quot;stretch_section&quot;:&quot;section-stretched&quot;}\">\n\n                \n                <div class=\"elementor-container elementor-column-gap-extended\">\n                <div class=\"elementor-column elementor-col-100 elementor-top-column elementor-element elementor-element-da4ae7c pxl-column-none pxl-column-overflow-hidden-no\" data-id=\"da4ae7c\" data-element_type=\"column\" data-e-type=\"column\">\r\n        <div class=\"elementor-widget-wrap elementor-element-populated\">\r\n                     \r\n        \t\t<div class=\"elementor-element elementor-element-7e747a8 elementor-widget elementor-widget-google_maps\" data-id=\"7e747a8\" data-element_type=\"widget\" data-e-type=\"widget\" data-widget_type=\"google_maps.default\">\n\t\t\t\t\t\t\t<div class=\"elementor-custom-embed\">\n\t\t\t<iframe loading=\"lazy\"\n\t\t\t\t\tsrc=\"https:\/\/maps.google.com\/maps?q=SARIME%C5%9EE%20MH%2C%20S%C3%96ZL%C3%9C%20SK%20NO%3A8%2C%2041250%20Kartepe%2FKocaeli&#038;t=m&#038;z=14&#038;output=embed&#038;iwloc=near\"\n\t\t\t\t\ttitle=\"SARIME\u015eE MH, S\u00d6ZL\u00dc SK NO:8, 41250 Kartepe\/Kocaeli\"\n\t\t\t\t\taria-label=\"SARIME\u015eE MH, S\u00d6ZL\u00dc SK NO:8, 41250 Kartepe\/Kocaeli\"\n\t\t\t><\/iframe>\n\t\t<\/div>\n\t\t\t\t\t\t<\/div>\n\t\t            <\/div>\r\n        <\/div>\r\n        \t\t\t<\/div>\n\t\t<\/section>\n\t\t\t\t<\/div>","protected":false},"excerpt":{"rendered":"<p>Konum Sar\u0131me\u015fe Mah. S\u00f6zl\u00fc Sok. NO:8 Kartepe \/ KOCAEL\u0130, T\u00fcrkiye Yol Tarifi Al Telefon info@serkomakina.com +90 262 373 2644 \/ +90 537 524 2840 \u00c7al\u0131\u015fma Saatlerimiz Pzt &#8211; Cuma: 9.00 &#8211; 18.00 Bize Ula\u015f\u0131n \u0130leti\u015fim Formunu Doldurarak Bize Ula\u015fabilirsiniz. WEDGE W\u0130RE SCREENWEDGE W\u0130RE SCREEN-2 \u015eartlar ve Ko\u015fullar\u0131 Kabul Et. G\u00f6nder<\/p>","protected":false},"author":1,"featured_media":0,"parent":0,"menu_order":0,"comment_status":"closed","ping_status":"closed","template":"","meta":{"footnotes":""},"class_list":["post-2625","page","type-page","status-publish","hentry"],"_links":{"self":[{"href":"https:\/\/www.serkomakina.com\/en\/wp-json\/wp\/v2\/pages\/2625","targetHints":{"allow":["GET"]}}],"collection":[{"href":"https:\/\/www.serkomakina.com\/en\/wp-json\/wp\/v2\/pages"}],"about":[{"href":"https:\/\/www.serkomakina.com\/en\/wp-json\/wp\/v2\/types\/page"}],"author":[{"embeddable":true,"href":"https:\/\/www.serkomakina.com\/en\/wp-json\/wp\/v2\/users\/1"}],"replies":[{"embeddable":true,"href":"https:\/\/www.serkomakina.com\/en\/wp-json\/wp\/v2\/comments?post=2625"}],"version-history":[{"count":44,"href":"https:\/\/www.serkomakina.com\/en\/wp-json\/wp\/v2\/pages\/2625\/revisions"}],"predecessor-version":[{"id":23533,"href":"https:\/\/www.serkomakina.com\/en\/wp-json\/wp\/v2\/pages\/2625\/revisions\/23533"}],"wp:attachment":[{"href":"https:\/\/www.serkomakina.com\/en\/wp-json\/wp\/v2\/media?parent=2625"}],"curies":[{"name":"wp","href":"https:\/\/api.w.org\/{rel}","templated":true}]}}