{"id":23284,"date":"2026-02-17T09:51:44","date_gmt":"2026-02-17T09:51:44","guid":{"rendered":"https:\/\/www.serkomakina.com\/?page_id=23284"},"modified":"2026-02-17T09:57:13","modified_gmt":"2026-02-17T09:57:13","slug":"architecturel-screen","status":"publish","type":"page","link":"https:\/\/www.serkomakina.com\/en\/architecturel-screen\/","title":{"rendered":"Architecturel Screen"},"content":{"rendered":"<div data-elementor-type=\"wp-page\" data-elementor-id=\"23284\" class=\"elementor elementor-23284\">\n\t\t\t\t        <section class=\"elementor-section elementor-top-section elementor-element elementor-element-6ee7b7e elementor-section-stretched elementor-section-boxed elementor-section-height-default elementor-section-height-default pxl-row-scroll-none pxl-zoom-point-false pxl-section-overflow-visible pxl-section-fix-none pxl-bg-color-none pxl-section-overlay-none\" data-id=\"6ee7b7e\" data-element_type=\"section\" data-e-type=\"section\" data-settings=\"{&quot;stretch_section&quot;:&quot;section-stretched&quot;}\">\n\n                \n                <div class=\"elementor-container elementor-column-gap-extended\">\n                <div class=\"elementor-column elementor-col-100 elementor-top-column elementor-element elementor-element-da4ae7c pxl-column-none pxl-column-overflow-hidden-no\" data-id=\"da4ae7c\" data-element_type=\"column\" data-e-type=\"column\">\r\n        <div class=\"elementor-widget-wrap\">\r\n                     \r\n                    <\/div>\r\n        <\/div>\r\n        \t\t\t<\/div>\n\t\t<\/section>\n\t\t<div class=\"elementor-element elementor-element-60905b3 e-flex e-con-boxed e-con e-parent\" data-id=\"60905b3\" data-element_type=\"container\" data-e-type=\"container\">\t\t\t<div class=\"e-con-inner\">\r\n\t\t\t\t<div class=\"elementor-element elementor-element-cf1d13c elementor-widget elementor-widget-pxl_text_editor\" data-id=\"cf1d13c\" data-element_type=\"widget\" data-e-type=\"widget\" data-widget_type=\"pxl_text_editor.default\">\n\t\t\t\t<div class=\"elementor-widget-container\">\n\t\t\t\t\t<div class=\"pxl-text-editor\">\n\t<div class=\"pxl-item--inner\" data-wow-delay=\"ms\">\n\t\t<p>Architecturel Screen<\/p>\t\t\n\t<\/div>\n<\/div>\t\t\t\t<\/div>\n\t\t\t\t<\/div>\n\t\t\t\t\t<\/div>\r\n\t\t\t\t<\/div>\r\n\t\t<div class=\"elementor-element elementor-element-cab7bed e-flex e-con-boxed e-con e-parent\" data-id=\"cab7bed\" data-element_type=\"container\" data-e-type=\"container\">\t\t\t<div class=\"e-con-inner\">\r\n\t\t\t\t<div class=\"elementor-element elementor-element-5f132fc elementor-widget elementor-widget-pxl_text_editor\" data-id=\"5f132fc\" data-element_type=\"widget\" data-e-type=\"widget\" data-widget_type=\"pxl_text_editor.default\">\n\t\t\t\t<div class=\"elementor-widget-container\">\n\t\t\t\t\t<div class=\"pxl-text-editor\">\n\t<div class=\"pxl-item--inner\" data-wow-delay=\"ms\">\n\t\t<p>Mimari tasar\u0131mlarda wedge wire ekranlar, hem estetik hem de i\u015flevsel \u00f6zellikleri bir araya getirir. G\u00f6z al\u0131c\u0131 bir d\u0131\u015f cephe tasar\u0131m\u0131 sunabilirken, ayn\u0131 zamanda g\u00fcne\u015f \u0131\u015f\u0131\u011f\u0131n\u0131 filtreleme veya r\u00fczgar\u0131 kontrol etme gibi i\u015flevleri de yerine getirebilir.<\/p>\t\t\n\t<\/div>\n<\/div>\t\t\t\t<\/div>\n\t\t\t\t<\/div>\n\t\t\t\t\t<\/div>\r\n\t\t\t\t<\/div>\r\n\t\t<div class=\"elementor-element elementor-element-edf281d e-flex e-con-boxed e-con e-parent\" data-id=\"edf281d\" data-element_type=\"container\" data-e-type=\"container\">\t\t\t<div class=\"e-con-inner\">\r\n\t\t\t\t<div class=\"elementor-element elementor-element-9c8fd65 elementor-widget elementor-widget-image-gallery\" data-id=\"9c8fd65\" data-element_type=\"widget\" data-e-type=\"widget\" data-widget_type=\"image-gallery.default\">\n\t\t\t\t\t\t\t<div class=\"elementor-image-gallery\">\n\t\t\t\n\t\t<style type=\"text\/css\">\n\t\t\t#gallery-1 {\n\t\t\t\tmargin: auto;\n\t\t\t}\n\t\t\t#gallery-1 .gallery-item {\n\t\t\t\tfloat: left;\n\t\t\t\tmargin-top: 10px;\n\t\t\t\ttext-align: center;\n\t\t\t\twidth: 33%;\n\t\t\t}\n\t\t\t#gallery-1 img {\n\t\t\t\tborder: 2px solid #cfcfcf;\n\t\t\t}\n\t\t\t#gallery-1 .gallery-caption {\n\t\t\t\tmargin-left: 0;\n\t\t\t}\n\t\t\t\/* see gallery_shortcode() in wp-includes\/media.php *\/\n\t\t<\/style>\n\t\t<div id='gallery-1' class='gallery galleryid-23284 gallery-columns-3 gallery-size-full'><dl class='gallery-item'>\n\t\t\t<dt class='gallery-icon landscape'>\n\t\t\t\t<a data-elementor-open-lightbox=\"yes\" data-elementor-lightbox-slideshow=\"9c8fd65\" data-elementor-lightbox-title=\"wegde-wire-screen-Architecturel-screen-serko-screen-2-1024x768\" data-e-action-hash=\"#elementor-action%3Aaction%3Dlightbox%26settings%3DeyJpZCI6MjMyODYsInVybCI6Imh0dHBzOlwvXC93d3cuc2Vya29tYWtpbmEuY29tXC93cC1jb250ZW50XC91cGxvYWRzXC8yMDI2XC8wMlwvd2VnZGUtd2lyZS1zY3JlZW4tQXJjaGl0ZWN0dXJlbC1zY3JlZW4tc2Vya28tc2NyZWVuLTItMTAyNHg3NjgtMS5qcGVnIiwic2xpZGVzaG93IjoiOWM4ZmQ2NSJ9\" href='https:\/\/www.serkomakina.com\/wp-content\/uploads\/2026\/02\/wegde-wire-screen-Architecturel-screen-serko-screen-2-1024x768-1.jpeg'><img fetchpriority=\"high\" decoding=\"async\" width=\"1024\" height=\"768\" src=\"https:\/\/www.serkomakina.com\/wp-content\/uploads\/2026\/02\/wegde-wire-screen-Architecturel-screen-serko-screen-2-1024x768-1.jpeg\" class=\"attachment-full size-full\" alt=\"\" srcset=\"https:\/\/www.serkomakina.com\/wp-content\/uploads\/2026\/02\/wegde-wire-screen-Architecturel-screen-serko-screen-2-1024x768-1.jpeg 1024w, https:\/\/www.serkomakina.com\/wp-content\/uploads\/2026\/02\/wegde-wire-screen-Architecturel-screen-serko-screen-2-1024x768-1-300x225.jpeg 300w, https:\/\/www.serkomakina.com\/wp-content\/uploads\/2026\/02\/wegde-wire-screen-Architecturel-screen-serko-screen-2-1024x768-1-768x576.jpeg 768w, https:\/\/www.serkomakina.com\/wp-content\/uploads\/2026\/02\/wegde-wire-screen-Architecturel-screen-serko-screen-2-1024x768-1-16x12.jpeg 16w, https:\/\/www.serkomakina.com\/wp-content\/uploads\/2026\/02\/wegde-wire-screen-Architecturel-screen-serko-screen-2-1024x768-1-947x710.jpeg 947w\" sizes=\"(max-width: 1024px) 100vw, 1024px\" \/><\/a>\n\t\t\t<\/dt><\/dl><dl class='gallery-item'>\n\t\t\t<dt class='gallery-icon landscape'>\n\t\t\t\t<a data-elementor-open-lightbox=\"yes\" data-elementor-lightbox-slideshow=\"9c8fd65\" data-elementor-lightbox-title=\"wegde-wire-screen-Architecturel-screen-serko-screen-3-1024x768\" data-e-action-hash=\"#elementor-action%3Aaction%3Dlightbox%26settings%3DeyJpZCI6MjMyODcsInVybCI6Imh0dHBzOlwvXC93d3cuc2Vya29tYWtpbmEuY29tXC93cC1jb250ZW50XC91cGxvYWRzXC8yMDI2XC8wMlwvd2VnZGUtd2lyZS1zY3JlZW4tQXJjaGl0ZWN0dXJlbC1zY3JlZW4tc2Vya28tc2NyZWVuLTMtMTAyNHg3NjgtMS5qcGVnIiwic2xpZGVzaG93IjoiOWM4ZmQ2NSJ9\" href='https:\/\/www.serkomakina.com\/wp-content\/uploads\/2026\/02\/wegde-wire-screen-Architecturel-screen-serko-screen-3-1024x768-1.jpeg'><img decoding=\"async\" width=\"1024\" height=\"768\" src=\"https:\/\/www.serkomakina.com\/wp-content\/uploads\/2026\/02\/wegde-wire-screen-Architecturel-screen-serko-screen-3-1024x768-1.jpeg\" class=\"attachment-full size-full\" alt=\"\" srcset=\"https:\/\/www.serkomakina.com\/wp-content\/uploads\/2026\/02\/wegde-wire-screen-Architecturel-screen-serko-screen-3-1024x768-1.jpeg 1024w, https:\/\/www.serkomakina.com\/wp-content\/uploads\/2026\/02\/wegde-wire-screen-Architecturel-screen-serko-screen-3-1024x768-1-300x225.jpeg 300w, https:\/\/www.serkomakina.com\/wp-content\/uploads\/2026\/02\/wegde-wire-screen-Architecturel-screen-serko-screen-3-1024x768-1-768x576.jpeg 768w, https:\/\/www.serkomakina.com\/wp-content\/uploads\/2026\/02\/wegde-wire-screen-Architecturel-screen-serko-screen-3-1024x768-1-16x12.jpeg 16w, https:\/\/www.serkomakina.com\/wp-content\/uploads\/2026\/02\/wegde-wire-screen-Architecturel-screen-serko-screen-3-1024x768-1-947x710.jpeg 947w\" sizes=\"(max-width: 1024px) 100vw, 1024px\" \/><\/a>\n\t\t\t<\/dt><\/dl><dl class='gallery-item'>\n\t\t\t<dt class='gallery-icon landscape'>\n\t\t\t\t<a data-elementor-open-lightbox=\"yes\" data-elementor-lightbox-slideshow=\"9c8fd65\" data-elementor-lightbox-title=\"wegde-wire-screen-Architecturel-screen-serko-screen-4-1024x768\" data-e-action-hash=\"#elementor-action%3Aaction%3Dlightbox%26settings%3DeyJpZCI6MjMyODgsInVybCI6Imh0dHBzOlwvXC93d3cuc2Vya29tYWtpbmEuY29tXC93cC1jb250ZW50XC91cGxvYWRzXC8yMDI2XC8wMlwvd2VnZGUtd2lyZS1zY3JlZW4tQXJjaGl0ZWN0dXJlbC1zY3JlZW4tc2Vya28tc2NyZWVuLTQtMTAyNHg3NjgtMS5qcGVnIiwic2xpZGVzaG93IjoiOWM4ZmQ2NSJ9\" href='https:\/\/www.serkomakina.com\/wp-content\/uploads\/2026\/02\/wegde-wire-screen-Architecturel-screen-serko-screen-4-1024x768-1.jpeg'><img decoding=\"async\" width=\"1024\" height=\"768\" src=\"https:\/\/www.serkomakina.com\/wp-content\/uploads\/2026\/02\/wegde-wire-screen-Architecturel-screen-serko-screen-4-1024x768-1.jpeg\" class=\"attachment-full size-full\" alt=\"\" srcset=\"https:\/\/www.serkomakina.com\/wp-content\/uploads\/2026\/02\/wegde-wire-screen-Architecturel-screen-serko-screen-4-1024x768-1.jpeg 1024w, https:\/\/www.serkomakina.com\/wp-content\/uploads\/2026\/02\/wegde-wire-screen-Architecturel-screen-serko-screen-4-1024x768-1-300x225.jpeg 300w, https:\/\/www.serkomakina.com\/wp-content\/uploads\/2026\/02\/wegde-wire-screen-Architecturel-screen-serko-screen-4-1024x768-1-768x576.jpeg 768w, https:\/\/www.serkomakina.com\/wp-content\/uploads\/2026\/02\/wegde-wire-screen-Architecturel-screen-serko-screen-4-1024x768-1-16x12.jpeg 16w, https:\/\/www.serkomakina.com\/wp-content\/uploads\/2026\/02\/wegde-wire-screen-Architecturel-screen-serko-screen-4-1024x768-1-947x710.jpeg 947w\" sizes=\"(max-width: 1024px) 100vw, 1024px\" \/><\/a>\n\t\t\t<\/dt><\/dl><br style=\"clear: both\" \/><dl class='gallery-item'>\n\t\t\t<dt class='gallery-icon landscape'>\n\t\t\t\t<a data-elementor-open-lightbox=\"yes\" data-elementor-lightbox-slideshow=\"9c8fd65\" data-elementor-lightbox-title=\"wegde-wire-screen-Architecturel-screen-serko-screen-5-1024x768\" data-e-action-hash=\"#elementor-action%3Aaction%3Dlightbox%26settings%3DeyJpZCI6MjMyODksInVybCI6Imh0dHBzOlwvXC93d3cuc2Vya29tYWtpbmEuY29tXC93cC1jb250ZW50XC91cGxvYWRzXC8yMDI2XC8wMlwvd2VnZGUtd2lyZS1zY3JlZW4tQXJjaGl0ZWN0dXJlbC1zY3JlZW4tc2Vya28tc2NyZWVuLTUtMTAyNHg3NjgtMS5qcGVnIiwic2xpZGVzaG93IjoiOWM4ZmQ2NSJ9\" href='https:\/\/www.serkomakina.com\/wp-content\/uploads\/2026\/02\/wegde-wire-screen-Architecturel-screen-serko-screen-5-1024x768-1.jpeg'><img loading=\"lazy\" decoding=\"async\" width=\"1024\" height=\"768\" src=\"https:\/\/www.serkomakina.com\/wp-content\/uploads\/2026\/02\/wegde-wire-screen-Architecturel-screen-serko-screen-5-1024x768-1.jpeg\" class=\"attachment-full size-full\" alt=\"\" srcset=\"https:\/\/www.serkomakina.com\/wp-content\/uploads\/2026\/02\/wegde-wire-screen-Architecturel-screen-serko-screen-5-1024x768-1.jpeg 1024w, https:\/\/www.serkomakina.com\/wp-content\/uploads\/2026\/02\/wegde-wire-screen-Architecturel-screen-serko-screen-5-1024x768-1-300x225.jpeg 300w, https:\/\/www.serkomakina.com\/wp-content\/uploads\/2026\/02\/wegde-wire-screen-Architecturel-screen-serko-screen-5-1024x768-1-768x576.jpeg 768w, https:\/\/www.serkomakina.com\/wp-content\/uploads\/2026\/02\/wegde-wire-screen-Architecturel-screen-serko-screen-5-1024x768-1-16x12.jpeg 16w, https:\/\/www.serkomakina.com\/wp-content\/uploads\/2026\/02\/wegde-wire-screen-Architecturel-screen-serko-screen-5-1024x768-1-947x710.jpeg 947w\" sizes=\"(max-width: 1024px) 100vw, 1024px\" \/><\/a>\n\t\t\t<\/dt><\/dl><dl class='gallery-item'>\n\t\t\t<dt class='gallery-icon landscape'>\n\t\t\t\t<a data-elementor-open-lightbox=\"yes\" data-elementor-lightbox-slideshow=\"9c8fd65\" data-elementor-lightbox-title=\"wegde-wire-screen-Architecturel-screen-serko-screen-7-1024x768\" data-e-action-hash=\"#elementor-action%3Aaction%3Dlightbox%26settings%3DeyJpZCI6MjMyOTYsInVybCI6Imh0dHBzOlwvXC93d3cuc2Vya29tYWtpbmEuY29tXC93cC1jb250ZW50XC91cGxvYWRzXC8yMDI2XC8wMlwvd2VnZGUtd2lyZS1zY3JlZW4tQXJjaGl0ZWN0dXJlbC1zY3JlZW4tc2Vya28tc2NyZWVuLTctMTAyNHg3NjgtMS5qcGVnIiwic2xpZGVzaG93IjoiOWM4ZmQ2NSJ9\" href='https:\/\/www.serkomakina.com\/wp-content\/uploads\/2026\/02\/wegde-wire-screen-Architecturel-screen-serko-screen-7-1024x768-1.jpeg'><img loading=\"lazy\" decoding=\"async\" width=\"1024\" height=\"768\" src=\"https:\/\/www.serkomakina.com\/wp-content\/uploads\/2026\/02\/wegde-wire-screen-Architecturel-screen-serko-screen-7-1024x768-1.jpeg\" class=\"attachment-full size-full\" alt=\"\" srcset=\"https:\/\/www.serkomakina.com\/wp-content\/uploads\/2026\/02\/wegde-wire-screen-Architecturel-screen-serko-screen-7-1024x768-1.jpeg 1024w, https:\/\/www.serkomakina.com\/wp-content\/uploads\/2026\/02\/wegde-wire-screen-Architecturel-screen-serko-screen-7-1024x768-1-300x225.jpeg 300w, https:\/\/www.serkomakina.com\/wp-content\/uploads\/2026\/02\/wegde-wire-screen-Architecturel-screen-serko-screen-7-1024x768-1-768x576.jpeg 768w, https:\/\/www.serkomakina.com\/wp-content\/uploads\/2026\/02\/wegde-wire-screen-Architecturel-screen-serko-screen-7-1024x768-1-16x12.jpeg 16w, https:\/\/www.serkomakina.com\/wp-content\/uploads\/2026\/02\/wegde-wire-screen-Architecturel-screen-serko-screen-7-1024x768-1-947x710.jpeg 947w\" sizes=\"(max-width: 1024px) 100vw, 1024px\" \/><\/a>\n\t\t\t<\/dt><\/dl><dl class='gallery-item'>\n\t\t\t<dt class='gallery-icon landscape'>\n\t\t\t\t<a data-elementor-open-lightbox=\"yes\" data-elementor-lightbox-slideshow=\"9c8fd65\" data-elementor-lightbox-title=\"wegde-wire-screen-Architecturel-screen-serko-screen-16\" data-e-action-hash=\"#elementor-action%3Aaction%3Dlightbox%26settings%3DeyJpZCI6MjMzMDEsInVybCI6Imh0dHBzOlwvXC93d3cuc2Vya29tYWtpbmEuY29tXC93cC1jb250ZW50XC91cGxvYWRzXC8yMDI2XC8wMlwvd2VnZGUtd2lyZS1zY3JlZW4tQXJjaGl0ZWN0dXJlbC1zY3JlZW4tc2Vya28tc2NyZWVuLTE2LmpwZWciLCJzbGlkZXNob3ciOiI5YzhmZDY1In0%3D\" href='https:\/\/www.serkomakina.com\/wp-content\/uploads\/2026\/02\/wegde-wire-screen-Architecturel-screen-serko-screen-16.jpeg'><img loading=\"lazy\" decoding=\"async\" width=\"600\" height=\"450\" src=\"https:\/\/www.serkomakina.com\/wp-content\/uploads\/2026\/02\/wegde-wire-screen-Architecturel-screen-serko-screen-16.jpeg\" class=\"attachment-full size-full\" alt=\"\" srcset=\"https:\/\/www.serkomakina.com\/wp-content\/uploads\/2026\/02\/wegde-wire-screen-Architecturel-screen-serko-screen-16.jpeg 600w, https:\/\/www.serkomakina.com\/wp-content\/uploads\/2026\/02\/wegde-wire-screen-Architecturel-screen-serko-screen-16-300x225.jpeg 300w, https:\/\/www.serkomakina.com\/wp-content\/uploads\/2026\/02\/wegde-wire-screen-Architecturel-screen-serko-screen-16-16x12.jpeg 16w\" sizes=\"(max-width: 600px) 100vw, 600px\" \/><\/a>\n\t\t\t<\/dt><\/dl><br style=\"clear: both\" \/>\n\t\t<\/div>\n\t\t<\/div>\n\t\t\t\t\t\t<\/div>\n\t\t\t\t\t<\/div>\r\n\t\t\t\t<\/div>\r\n\t\t\t\t<\/div>","protected":false},"excerpt":{"rendered":"<p>Architecturel Screen Mimari tasar\u0131mlarda wedge wire ekranlar, hem estetik hem de i\u015flevsel \u00f6zellikleri bir araya getirir. G\u00f6z al\u0131c\u0131 bir d\u0131\u015f cephe tasar\u0131m\u0131 sunabilirken, ayn\u0131 zamanda g\u00fcne\u015f \u0131\u015f\u0131\u011f\u0131n\u0131 filtreleme veya r\u00fczgar\u0131 kontrol etme gibi i\u015flevleri de yerine getirebilir.<\/p>","protected":false},"author":1,"featured_media":0,"parent":0,"menu_order":0,"comment_status":"closed","ping_status":"closed","template":"","meta":{"footnotes":""},"class_list":["post-23284","page","type-page","status-publish","hentry"],"_links":{"self":[{"href":"https:\/\/www.serkomakina.com\/en\/wp-json\/wp\/v2\/pages\/23284","targetHints":{"allow":["GET"]}}],"collection":[{"href":"https:\/\/www.serkomakina.com\/en\/wp-json\/wp\/v2\/pages"}],"about":[{"href":"https:\/\/www.serkomakina.com\/en\/wp-json\/wp\/v2\/types\/page"}],"author":[{"embeddable":true,"href":"https:\/\/www.serkomakina.com\/en\/wp-json\/wp\/v2\/users\/1"}],"replies":[{"embeddable":true,"href":"https:\/\/www.serkomakina.com\/en\/wp-json\/wp\/v2\/comments?post=23284"}],"version-history":[{"count":13,"href":"https:\/\/www.serkomakina.com\/en\/wp-json\/wp\/v2\/pages\/23284\/revisions"}],"predecessor-version":[{"id":23304,"href":"https:\/\/www.serkomakina.com\/en\/wp-json\/wp\/v2\/pages\/23284\/revisions\/23304"}],"wp:attachment":[{"href":"https:\/\/www.serkomakina.com\/en\/wp-json\/wp\/v2\/media?parent=23284"}],"curies":[{"name":"wp","href":"https:\/\/api.w.org\/{rel}","templated":true}]}}